{"id":8536,"date":"2020-04-15T15:26:23","date_gmt":"2020-04-15T13:26:23","guid":{"rendered":"https:\/\/inoxsis.com\/actualidad\/"},"modified":"2026-02-10T16:57:47","modified_gmt":"2026-02-10T15:57:47","slug":"actualitat","status":"publish","type":"page","link":"https:\/\/inoxsis.com\/ca\/actualitat\/","title":{"rendered":"Actualitat"},"content":{"rendered":"<p>[et_pb_section fb_built=&#8221;1&#8243; _builder_version=&#8221;4.16&#8243; background_color=&#8221;#f7f7f7&#8243; custom_padding=&#8221;0px||0px|||&#8221; locked=&#8221;off&#8221; global_colors_info=&#8221;{}&#8221;][et_pb_row _builder_version=&#8221;4.16&#8243; custom_padding=&#8221;120px|||||&#8221; global_colors_info=&#8221;{}&#8221;][et_pb_column type=&#8221;4_4&#8243; _builder_version=&#8221;4.16&#8243; global_colors_info=&#8221;{}&#8221;][et_pb_blog fullwidth=&#8221;off&#8221; include_categories=&#8221;3&#8243; use_manual_excerpt=&#8221;off&#8221; show_author=&#8221;off&#8221; show_date=&#8221;off&#8221; show_categories=&#8221;off&#8221; show_excerpt=&#8221;off&#8221; show_pagination=&#8221;off&#8221; _builder_version=&#8221;4.16&#8243; header_text_color=&#8221;#000000&#8243; body_text_color=&#8221;#ffffff&#8221; background_enable_color=&#8221;off&#8221; custom_padding=&#8221;||67px|||&#8221; border_width_all=&#8221;0px&#8221; border_color_all=&#8221;#ffffff&#8221; global_colors_info=&#8221;{}&#8221;][\/et_pb_blog][\/et_pb_column][\/et_pb_row][\/et_pb_section][et_pb_section fb_built=&#8221;1&#8243; admin_label=&#8221;Contactanos&#8221; _builder_version=&#8221;4.16&#8243; background_color=&#8221;#fce736&#8243; custom_padding=&#8221;0px||0px|||&#8221; saved_tabs=&#8221;all&#8221; locked=&#8221;off&#8221; global_colors_info=&#8221;{}&#8221;][et_pb_row _builder_version=&#8221;4.16&#8243; global_colors_info=&#8221;{}&#8221;][et_pb_column type=&#8221;4_4&#8243; _builder_version=&#8221;4.16&#8243; global_colors_info=&#8221;{}&#8221;][et_pb_text admin_label=&#8221;contactanos&#8221; _builder_version=&#8221;4.25.2&#8243; text_font=&#8221;klavika||||||||&#8221; text_text_color=&#8221;#343333&#8243; text_font_size=&#8221;20px&#8221; background_color=&#8221;#fce736&#8243; text_orientation=&#8221;center&#8221; global_colors_info=&#8221;{}&#8221;]<\/p>\n<p>Necessites m\u00e9s informaci\u00f3? <span style=\"color: #343333;\"><a style=\"color: #343333;\" href=\"https:\/\/inoxsis.com\/ca\/contacte\/\"><strong><u>Contacta aqu\u00ed<\/u><\/strong><\/a><\/span> amb un dels nostres comercials.<\/p>\n<p>[\/et_pb_text][\/et_pb_column][\/et_pb_row][\/et_pb_section][et_pb_section fb_built=&#8221;1&#8243; admin_label=&#8221;Footer&#8221; _builder_version=&#8221;4.16&#8243; background_color=&#8221;#ededed&#8221; custom_padding=&#8221;0px||0px|||&#8221; global_module=&#8221;11201&#8243; saved_tabs=&#8221;all&#8221; locked=&#8221;off&#8221; global_colors_info=&#8221;{}&#8221;][et_pb_row column_structure=&#8221;1_3,1_3,1_3&#8243; _builder_version=&#8221;4.16&#8243; global_colors_info=&#8221;{}&#8221;][et_pb_column type=&#8221;1_3&#8243; _builder_version=&#8221;4.16&#8243; global_colors_info=&#8221;{}&#8221;][et_pb_image src=&#8221;https:\/\/inoxsis.com\/wp-content\/uploads\/2020\/04\/logo-footer.png&#8221; admin_label=&#8221;Logo&#8221; _builder_version=&#8221;4.16&#8243; global_colors_info=&#8221;{}&#8221;][\/et_pb_image][\/et_pb_column][et_pb_column type=&#8221;1_3&#8243; _builder_version=&#8221;4.16&#8243; global_colors_info=&#8221;{}&#8221;][et_pb_text admin_label=&#8221;Contactanos&#8221; _builder_version=&#8221;4.16&#8243; text_font=&#8221;Open Sans|700|||||||&#8221; text_text_color=&#8221;#2c2c2b&#8221; global_colors_info=&#8221;{}&#8221;]<\/p>\n<p>CONTACTA&#8217;NS<\/p>\n<p>[\/et_pb_text][et_pb_text _builder_version=&#8221;4.25.2&#8243; text_font=&#8221;PT Sans||||||||&#8221; text_text_color=&#8221;#484848&#8243; text_font_size=&#8221;13px&#8221; global_colors_info=&#8221;{}&#8221;]<\/p>\n<p><strong>EMINOX TECH S.L.<\/strong><\/p>\n<p>Avda. Pa\u00efsos Catalans, 210-212<br \/>17457 Riudellots de la Selva (Girona &#8211; Espanya)<\/p>\n<p><span style=\"color: #333333;\"><a style=\"color: #484848;\" href=\"tel:34972499357\">T (+34) 872 20 25 88<\/a><\/span><\/p>\n<p><span style=\"color: #333333;\"><a style=\"color: #2c2c2b;\" href=\"mailto:hola@inoxsis.com\"><strong><u>hola@inoxsis.com<\/u><\/strong><\/a><\/span><\/p>\n<p>[\/et_pb_text][et_pb_text admin_label=&#8221;Contactanos&#8221; _builder_version=&#8221;4.25.2&#8243; text_font=&#8221;Open Sans|700|||||||&#8221; text_text_color=&#8221;#2c2c2b&#8221; global_colors_info=&#8221;{}&#8221;]<\/p>\n<p><a href=\"https:\/\/www.instagram.com\/inoxsis\/\" target=\"_blank\" rel=\"noopener\"><img loading=\"lazy\" decoding=\"async\" class=\"wp-image-11765 alignnone \" src=\"https:\/\/inoxsis.com\/wp-content\/uploads\/2024\/11\/WhatsApp-Image-2025-04-22-at-13.45.45.jpeg\" alt=\"\" width=\"40\" height=\"40\" \/>\u00a0 \u00a0<\/a><a href=\"https:\/\/www.linkedin.com\/company\/inoxsis\/\" target=\"_blank\" rel=\"noopener\"><img loading=\"lazy\" decoding=\"async\" class=\"alignnone wp-image-11760\" src=\"https:\/\/inoxsis.com\/wp-content\/uploads\/2024\/11\/WhatsApp-Image-2025-04-22-at-13.45.44.jpeg\" alt=\"\" width=\"40\" height=\"40\" \/>\u00a0\u00a0 <\/a><a href=\"https:\/\/www.youtube.com\/@inoxsis5219\" target=\"_blank\" rel=\"noopener\"><img loading=\"lazy\" decoding=\"async\" class=\"alignnone wp-image-11755\" src=\"https:\/\/inoxsis.com\/wp-content\/uploads\/2024\/11\/WhatsApp-Image-2025-04-22-at-13.45.44-1.jpeg\" alt=\"\" width=\"40\" height=\"40\" \/>\u00a0<\/a> <a href=\"https:\/\/www.equiposdehigiene.com\/\" target=\"_blank\" rel=\"noopener\"><img loading=\"lazy\" decoding=\"async\" class=\"alignnone wp-image-12413\" src=\"https:\/\/inoxsis.com\/wp-content\/uploads\/2025\/10\/gloggg.webp\" alt=\"\" width=\"40\" height=\"40\" \/><\/a><\/p>\n<p>[\/et_pb_text][\/et_pb_column][et_pb_column type=&#8221;1_3&#8243; _builder_version=&#8221;4.16&#8243; global_colors_info=&#8221;{}&#8221;][et_pb_text disabled_on=&#8221;on|on|on&#8221; admin_label=&#8221;Newsletter&#8221; _builder_version=&#8221;4.16&#8243; text_font=&#8221;Open Sans|700|||||||&#8221; text_text_color=&#8221;#2c2c2b&#8221; disabled=&#8221;on&#8221; global_colors_info=&#8221;{}&#8221;]<\/p>\n<p>NEWSLETTER<\/p>\n<p>[\/et_pb_text][et_pb_text disabled_on=&#8221;on|on|on&#8221; _builder_version=&#8221;4.16&#8243; text_font=&#8221;PT Sans||||||||&#8221; text_text_color=&#8221;#484848&#8243; text_font_size=&#8221;13px&#8221; disabled=&#8221;on&#8221; global_colors_info=&#8221;{}&#8221;]<\/p>\n<p>Mantingui&#8217;s al dia de les nostres novetats i informaci\u00f3 rellevant<\/p>\n<p>[\/et_pb_text][\/et_pb_column][\/et_pb_row][\/et_pb_section][et_pb_section fb_built=&#8221;1&#8243; admin_label=&#8221;Footer barra&#8221; _builder_version=&#8221;4.16&#8243; background_color=&#8221;#1f1f1f&#8221; custom_padding=&#8221;0px||0px|||&#8221; global_module=&#8221;11213&#8243; saved_tabs=&#8221;all&#8221; locked=&#8221;off&#8221; global_colors_info=&#8221;{}&#8221;][et_pb_row admin_label=&#8221;Fila&#8221; _builder_version=&#8221;4.16&#8243; global_colors_info=&#8221;{}&#8221;][et_pb_column type=&#8221;4_4&#8243; _builder_version=&#8221;4.16&#8243; global_colors_info=&#8221;{}&#8221;][et_pb_text _builder_version=&#8221;4.25.2&#8243; text_font=&#8221;PT Sans||||||||&#8221; text_text_color=&#8221;#f8f8f8&#8243; text_font_size=&#8221;12px&#8221; custom_padding=&#8221;||6px|||&#8221; global_colors_info=&#8221;{}&#8221;]<\/p>\n<p>\u00a9 EMINOX TECH, S.L., Tots els drets reservats | <span style=\"color: #f8f8f8;\"><a style=\"color: #f8f8f8;\" href=\"https:\/\/inoxsis.com\/ca\/politica-privacitat\/\">Av\u00eds legal<\/a><\/span> | <span style=\"color: #f8f8f8;\"><a style=\"color: #f8f8f8;\" href=\"https:\/\/inoxsis.com\/ca\/condicions-d-us\/\">Condicions d&#8217;us<\/a><\/span><\/p>\n<p>[\/et_pb_text][\/et_pb_column][\/et_pb_row][et_pb_row _builder_version=&#8221;4.16&#8243; custom_padding=&#8221;0px||0px|||&#8221; global_colors_info=&#8221;{}&#8221;][et_pb_column type=&#8221;4_4&#8243; _builder_version=&#8221;4.16&#8243; global_colors_info=&#8221;{}&#8221;][et_pb_code admin_label=&#8221;Cookies&#8221; _builder_version=&#8221;4.16&#8243; custom_margin=&#8221;-31px|||||&#8221; custom_padding=&#8221;1px||0px|||&#8221; global_colors_info=&#8221;{}&#8221;]<script type=\"text\/javascript\"> window.cookieconsent_options = {\"message\":\"Aquesta web utilitza cookies pr\u00f2pies i de tercers per a funcionar, per a continuar navegant necessites acceptar-les.\",\"dismiss\":\"Accepto\",\"learnMore\":\"Pol\u00edtica de privacitat \",\"link\":\"https:\/\/inoxsis.com\/ca\/politica-privacitat\/\",\"theme\":\"dark-bottom\"}; <\/script> <script type=\"text\/javascript\" src=\"\/\/cdnjs.cloudflare.com\/ajax\/libs\/cookieconsent2\/1.0.9\/cookieconsent.min.js\"><\/script>[\/et_pb_code][\/et_pb_column][\/et_pb_row][\/et_pb_section]<\/p>\n","protected":false},"excerpt":{"rendered":"<p>Necessites m\u00e9s informaci\u00f3? Contacta aqu\u00ed amb un dels nostres comercials.CONTACTA&#8217;NSEMINOX TECH S.L. Avda. Pa\u00efsos Catalans, 210-21217457 Riudellots de la Selva (Girona &#8211; Espanya) T (+34) 872 20 25 88 hola@inoxsis.com\u00a0 \u00a0\u00a0\u00a0 \u00a0 NEWSLETTERMantingui&#8217;s al dia de les nostres novetats i informaci\u00f3 rellevant\u00a9 EMINOX TECH, S.L., Tots els drets reservats | Av\u00eds legal | Condicions d&#8217;us<\/p>\n","protected":false},"author":1,"featured_media":0,"parent":0,"menu_order":0,"comment_status":"closed","ping_status":"closed","template":"","meta":{"_et_pb_use_builder":"on","_et_pb_old_content":"","_et_gb_content_width":"","footnotes":""},"yoast_head":"<!-- This site is optimized with the Yoast SEO plugin v24.3 - https:\/\/yoast.com\/wordpress\/plugins\/seo\/ -->\n<title>Actualitat - Inoxsis<\/title>\n<meta name=\"robots\" content=\"index, follow, max-snippet:-1, max-image-preview:large, max-video-preview:-1\" \/>\n<link rel=\"canonical\" href=\"https:\/\/inoxsis.com\/ca\/actualitat\/\" \/>\n<meta property=\"og:locale\" content=\"ca_ES\" \/>\n<meta property=\"og:type\" content=\"article\" \/>\n<meta property=\"og:title\" content=\"Actualitat - Inoxsis\" \/>\n<meta property=\"og:description\" content=\"Necessites m\u00e9s informaci\u00f3? Contacta aqu\u00ed amb un dels nostres comercials.CONTACTA&#039;NSEMINOX TECH S.L. Avda. Pa\u00efsos Catalans, 210-21217457 Riudellots de la Selva (Girona - Espanya) T (+34) 872 20 25 88 hola@inoxsis.com\u00a0 \u00a0\u00a0\u00a0 \u00a0 NEWSLETTERMantingui&#039;s al dia de les nostres novetats i informaci\u00f3 rellevant\u00a9 EMINOX TECH, S.L., Tots els drets reservats | Av\u00eds legal | Condicions d&#039;us\" \/>\n<meta property=\"og:url\" content=\"https:\/\/inoxsis.com\/ca\/actualitat\/\" \/>\n<meta property=\"og:site_name\" content=\"Inoxsis\" \/>\n<meta property=\"article:modified_time\" content=\"2026-02-10T15:57:47+00:00\" \/>\n<meta property=\"og:image\" content=\"https:\/\/inoxsis.com\/wp-content\/uploads\/2024\/11\/WhatsApp-Image-2025-04-22-at-13.45.45.jpeg\" \/>\n<meta name=\"twitter:card\" content=\"summary_large_image\" \/>\n<meta name=\"twitter:label1\" content=\"Temps estimat de lectura\" \/>\n\t<meta name=\"twitter:data1\" content=\"5 minuts\" \/>\n<script type=\"application\/ld+json\" class=\"yoast-schema-graph\">{\"@context\":\"https:\/\/schema.org\",\"@graph\":[{\"@type\":\"WebPage\",\"@id\":\"https:\/\/inoxsis.com\/ca\/actualitat\/\",\"url\":\"https:\/\/inoxsis.com\/ca\/actualitat\/\",\"name\":\"Actualitat - Inoxsis\",\"isPartOf\":{\"@id\":\"https:\/\/inoxsis.com\/ca\/#website\"},\"primaryImageOfPage\":{\"@id\":\"https:\/\/inoxsis.com\/ca\/actualitat\/#primaryimage\"},\"image\":{\"@id\":\"https:\/\/inoxsis.com\/ca\/actualitat\/#primaryimage\"},\"thumbnailUrl\":\"https:\/\/inoxsis.com\/wp-content\/uploads\/2024\/11\/WhatsApp-Image-2025-04-22-at-13.45.45.jpeg\",\"datePublished\":\"2020-04-15T13:26:23+00:00\",\"dateModified\":\"2026-02-10T15:57:47+00:00\",\"breadcrumb\":{\"@id\":\"https:\/\/inoxsis.com\/ca\/actualitat\/#breadcrumb\"},\"inLanguage\":\"ca\",\"potentialAction\":[{\"@type\":\"ReadAction\",\"target\":[\"https:\/\/inoxsis.com\/ca\/actualitat\/\"]}]},{\"@type\":\"ImageObject\",\"inLanguage\":\"ca\",\"@id\":\"https:\/\/inoxsis.com\/ca\/actualitat\/#primaryimage\",\"url\":\"https:\/\/inoxsis.com\/wp-content\/uploads\/2024\/11\/WhatsApp-Image-2025-04-22-at-13.45.45.jpeg\",\"contentUrl\":\"https:\/\/inoxsis.com\/wp-content\/uploads\/2024\/11\/WhatsApp-Image-2025-04-22-at-13.45.45.jpeg\"},{\"@type\":\"BreadcrumbList\",\"@id\":\"https:\/\/inoxsis.com\/ca\/actualitat\/#breadcrumb\",\"itemListElement\":[{\"@type\":\"ListItem\",\"position\":1,\"name\":\"Portada\",\"item\":\"https:\/\/inoxsis.com\/ca\/\"},{\"@type\":\"ListItem\",\"position\":2,\"name\":\"Actualitat\"}]},{\"@type\":\"WebSite\",\"@id\":\"https:\/\/inoxsis.com\/ca\/#website\",\"url\":\"https:\/\/inoxsis.com\/ca\/\",\"name\":\"Inoxsis\",\"description\":\"Stronger, Cleaner.\",\"potentialAction\":[{\"@type\":\"SearchAction\",\"target\":{\"@type\":\"EntryPoint\",\"urlTemplate\":\"https:\/\/inoxsis.com\/ca\/?s={search_term_string}\"},\"query-input\":{\"@type\":\"PropertyValueSpecification\",\"valueRequired\":true,\"valueName\":\"search_term_string\"}}],\"inLanguage\":\"ca\"}]}<\/script>\n<!-- \/ Yoast SEO plugin. -->","yoast_head_json":{"title":"Actualitat - Inoxsis","robots":{"index":"index","follow":"follow","max-snippet":"max-snippet:-1","max-image-preview":"max-image-preview:large","max-video-preview":"max-video-preview:-1"},"canonical":"https:\/\/inoxsis.com\/ca\/actualitat\/","og_locale":"ca_ES","og_type":"article","og_title":"Actualitat - Inoxsis","og_description":"Necessites m\u00e9s informaci\u00f3? Contacta aqu\u00ed amb un dels nostres comercials.CONTACTA'NSEMINOX TECH S.L. Avda. Pa\u00efsos Catalans, 210-21217457 Riudellots de la Selva (Girona - Espanya) T (+34) 872 20 25 88 hola@inoxsis.com\u00a0 \u00a0\u00a0\u00a0 \u00a0 NEWSLETTERMantingui's al dia de les nostres novetats i informaci\u00f3 rellevant\u00a9 EMINOX TECH, S.L., Tots els drets reservats | Av\u00eds legal | Condicions d'us","og_url":"https:\/\/inoxsis.com\/ca\/actualitat\/","og_site_name":"Inoxsis","article_modified_time":"2026-02-10T15:57:47+00:00","og_image":[{"url":"https:\/\/inoxsis.com\/wp-content\/uploads\/2024\/11\/WhatsApp-Image-2025-04-22-at-13.45.45.jpeg","type":"","width":"","height":""}],"twitter_card":"summary_large_image","twitter_misc":{"Temps estimat de lectura":"5 minuts"},"schema":{"@context":"https:\/\/schema.org","@graph":[{"@type":"WebPage","@id":"https:\/\/inoxsis.com\/ca\/actualitat\/","url":"https:\/\/inoxsis.com\/ca\/actualitat\/","name":"Actualitat - Inoxsis","isPartOf":{"@id":"https:\/\/inoxsis.com\/ca\/#website"},"primaryImageOfPage":{"@id":"https:\/\/inoxsis.com\/ca\/actualitat\/#primaryimage"},"image":{"@id":"https:\/\/inoxsis.com\/ca\/actualitat\/#primaryimage"},"thumbnailUrl":"https:\/\/inoxsis.com\/wp-content\/uploads\/2024\/11\/WhatsApp-Image-2025-04-22-at-13.45.45.jpeg","datePublished":"2020-04-15T13:26:23+00:00","dateModified":"2026-02-10T15:57:47+00:00","breadcrumb":{"@id":"https:\/\/inoxsis.com\/ca\/actualitat\/#breadcrumb"},"inLanguage":"ca","potentialAction":[{"@type":"ReadAction","target":["https:\/\/inoxsis.com\/ca\/actualitat\/"]}]},{"@type":"ImageObject","inLanguage":"ca","@id":"https:\/\/inoxsis.com\/ca\/actualitat\/#primaryimage","url":"https:\/\/inoxsis.com\/wp-content\/uploads\/2024\/11\/WhatsApp-Image-2025-04-22-at-13.45.45.jpeg","contentUrl":"https:\/\/inoxsis.com\/wp-content\/uploads\/2024\/11\/WhatsApp-Image-2025-04-22-at-13.45.45.jpeg"},{"@type":"BreadcrumbList","@id":"https:\/\/inoxsis.com\/ca\/actualitat\/#breadcrumb","itemListElement":[{"@type":"ListItem","position":1,"name":"Portada","item":"https:\/\/inoxsis.com\/ca\/"},{"@type":"ListItem","position":2,"name":"Actualitat"}]},{"@type":"WebSite","@id":"https:\/\/inoxsis.com\/ca\/#website","url":"https:\/\/inoxsis.com\/ca\/","name":"Inoxsis","description":"Stronger, Cleaner.","potentialAction":[{"@type":"SearchAction","target":{"@type":"EntryPoint","urlTemplate":"https:\/\/inoxsis.com\/ca\/?s={search_term_string}"},"query-input":{"@type":"PropertyValueSpecification","valueRequired":true,"valueName":"search_term_string"}}],"inLanguage":"ca"}]}},"_links":{"self":[{"href":"https:\/\/inoxsis.com\/ca\/wp-json\/wp\/v2\/pages\/8536"}],"collection":[{"href":"https:\/\/inoxsis.com\/ca\/wp-json\/wp\/v2\/pages"}],"about":[{"href":"https:\/\/inoxsis.com\/ca\/wp-json\/wp\/v2\/types\/page"}],"author":[{"embeddable":true,"href":"https:\/\/inoxsis.com\/ca\/wp-json\/wp\/v2\/users\/1"}],"replies":[{"embeddable":true,"href":"https:\/\/inoxsis.com\/ca\/wp-json\/wp\/v2\/comments?post=8536"}],"version-history":[{"count":7,"href":"https:\/\/inoxsis.com\/ca\/wp-json\/wp\/v2\/pages\/8536\/revisions"}],"predecessor-version":[{"id":12808,"href":"https:\/\/inoxsis.com\/ca\/wp-json\/wp\/v2\/pages\/8536\/revisions\/12808"}],"wp:attachment":[{"href":"https:\/\/inoxsis.com\/ca\/wp-json\/wp\/v2\/media?parent=8536"}],"curies":[{"name":"wp","href":"https:\/\/api.w.org\/{rel}","templated":true}]}}