{"id":8031,"date":"2020-04-15T15:26:23","date_gmt":"2020-04-15T13:26:23","guid":{"rendered":"https:\/\/inoxsis.com\/nouvelles\/"},"modified":"2026-02-10T16:50:29","modified_gmt":"2026-02-10T15:50:29","slug":"nouvelles","status":"publish","type":"page","link":"https:\/\/inoxsis.com\/fr\/nouvelles\/","title":{"rendered":"Nouvelles"},"content":{"rendered":"<p>[et_pb_section fb_built=\u00a0\u00bb1&Prime; _builder_version=\u00a0\u00bb4.16&Prime; background_color=\u00a0\u00bb#f7f7f7&Prime; custom_padding=\u00a0\u00bb0px||0px|||\u00a0\u00bb locked=\u00a0\u00bboff\u00a0\u00bb global_colors_info=\u00a0\u00bb{}\u00a0\u00bb][et_pb_row _builder_version=\u00a0\u00bb4.16&Prime; custom_padding=\u00a0\u00bb120px|||||\u00a0\u00bb global_colors_info=\u00a0\u00bb{}\u00a0\u00bb][et_pb_column type=\u00a0\u00bb4_4&Prime; _builder_version=\u00a0\u00bb4.16&Prime; global_colors_info=\u00a0\u00bb{}\u00a0\u00bb][et_pb_blog fullwidth=\u00a0\u00bboff\u00a0\u00bb include_categories=\u00a0\u00bb3&Prime; use_manual_excerpt=\u00a0\u00bboff\u00a0\u00bb show_author=\u00a0\u00bboff\u00a0\u00bb show_date=\u00a0\u00bboff\u00a0\u00bb show_categories=\u00a0\u00bboff\u00a0\u00bb show_excerpt=\u00a0\u00bboff\u00a0\u00bb show_pagination=\u00a0\u00bboff\u00a0\u00bb _builder_version=\u00a0\u00bb4.16&Prime; header_text_color=\u00a0\u00bb#000000&Prime; body_text_color=\u00a0\u00bb#ffffff\u00a0\u00bb background_enable_color=\u00a0\u00bboff\u00a0\u00bb custom_padding=\u00a0\u00bb||67px|||\u00a0\u00bb border_width_all=\u00a0\u00bb0px\u00a0\u00bb border_color_all=\u00a0\u00bb#ffffff\u00a0\u00bb global_colors_info=\u00a0\u00bb{}\u00a0\u00bb][\/et_pb_blog][\/et_pb_column][\/et_pb_row][\/et_pb_section][et_pb_section fb_built=\u00a0\u00bb1&Prime; admin_label=\u00a0\u00bbContactanos\u00a0\u00bb _builder_version=\u00a0\u00bb4.16&Prime; background_color=\u00a0\u00bb#e9c20b\u00a0\u00bb custom_padding=\u00a0\u00bb0px||0px|||\u00a0\u00bb global_module=\u00a0\u00bb148&Prime; saved_tabs=\u00a0\u00bball\u00a0\u00bb locked=\u00a0\u00bboff\u00a0\u00bb global_colors_info=\u00a0\u00bb{}\u00a0\u00bb][et_pb_row _builder_version=\u00a0\u00bb4.16&Prime; global_colors_info=\u00a0\u00bb{}\u00a0\u00bb][et_pb_column type=\u00a0\u00bb4_4&Prime; _builder_version=\u00a0\u00bb4.16&Prime; global_colors_info=\u00a0\u00bb{}\u00a0\u00bb][et_pb_text admin_label=\u00a0\u00bbcontactanos\u00a0\u00bb _builder_version=\u00a0\u00bb4.25.2&Prime; text_font=\u00a0\u00bbklavika||||||||\u00a0\u00bb text_text_color=\u00a0\u00bb#343333&Prime; text_font_size=\u00a0\u00bb20px\u00a0\u00bb background_color=\u00a0\u00bb#e9c20b\u00a0\u00bb text_orientation=\u00a0\u00bbcenter\u00a0\u00bb global_colors_info=\u00a0\u00bb{}\u00a0\u00bb]<\/p>\n<p>Avez-vous besoin de plus d\u2019informations?<span style=\"color: #343333;\"><a style=\"color: #343333;\" href=\"https:\/\/inoxsis.com\/fr\/contact\/\"><strong><u> Contactez ici<\/u><\/strong><\/a><\/span> avec un de nos commerciaux.<\/p>\n<p>[\/et_pb_text][\/et_pb_column][\/et_pb_row][\/et_pb_section][et_pb_section fb_built=\u00a0\u00bb1&Prime; admin_label=\u00a0\u00bbFooter\u00a0\u00bb _builder_version=\u00a0\u00bb4.16&Prime; background_color=\u00a0\u00bb#ededed\u00a0\u00bb custom_padding=\u00a0\u00bb0px||0px|||\u00a0\u00bb global_module=\u00a0\u00bb147&Prime; saved_tabs=\u00a0\u00bball\u00a0\u00bb locked=\u00a0\u00bboff\u00a0\u00bb global_colors_info=\u00a0\u00bb{}\u00a0\u00bb][et_pb_row column_structure=\u00a0\u00bb1_3,1_3,1_3&Prime; _builder_version=\u00a0\u00bb4.16&Prime; global_colors_info=\u00a0\u00bb{}\u00a0\u00bb][et_pb_column type=\u00a0\u00bb1_3&Prime; _builder_version=\u00a0\u00bb4.16&Prime; global_colors_info=\u00a0\u00bb{}\u00a0\u00bb][et_pb_image src=\u00a0\u00bbhttps:\/\/inoxsis.com\/wp-content\/uploads\/2020\/04\/logo-footer.png\u00a0\u00bb admin_label=\u00a0\u00bbLogo\u00a0\u00bb _builder_version=\u00a0\u00bb4.16&Prime; global_colors_info=\u00a0\u00bb{}\u00a0\u00bb][\/et_pb_image][\/et_pb_column][et_pb_column type=\u00a0\u00bb1_3&Prime; _builder_version=\u00a0\u00bb4.16&Prime; global_colors_info=\u00a0\u00bb{}\u00a0\u00bb][et_pb_text admin_label=\u00a0\u00bbContactanos\u00a0\u00bb _builder_version=\u00a0\u00bb4.25.2&Prime; text_font=\u00a0\u00bbOpen Sans|700|||||||\u00a0\u00bb text_text_color=\u00a0\u00bb#2c2c2b\u00a0\u00bb global_colors_info=\u00a0\u00bb{}\u00a0\u00bb]<\/p>\n<p>CONTACTEZ-NOUS<\/p>\n<p>[\/et_pb_text][et_pb_text _builder_version=\u00a0\u00bb4.25.2&Prime; text_font=\u00a0\u00bbPT Sans||||||||\u00a0\u00bb text_text_color=\u00a0\u00bb#484848&Prime; text_font_size=\u00a0\u00bb13px\u00a0\u00bb global_colors_info=\u00a0\u00bb{}\u00a0\u00bb]<\/p>\n<p><strong>EMINOX TECH S.L.<\/strong><br \/>Avda. Pa\u00efsos Catalans, 210-212<br \/>17457 Riudellots de la Selva (Girona &#8211; Espa\u00f1a)<br \/><span style=\"color: #333333;\">T (+34) 872 20 25 88<\/span><\/p>\n<p><span style=\"color: #333333;\"><a style=\"color: #2c2c2b;\" href=\"mailto:hola@inoxsis.com\"><strong><u>hola@inoxsis.com<\/u><\/strong><\/a><\/span><\/p>\n<p>[\/et_pb_text][et_pb_text admin_label=\u00a0\u00bbContactanos\u00a0\u00bb _builder_version=\u00a0\u00bb4.25.2&Prime; text_font=\u00a0\u00bbOpen Sans|700|||||||\u00a0\u00bb text_text_color=\u00a0\u00bb#2c2c2b\u00a0\u00bb global_colors_info=\u00a0\u00bb{}\u00a0\u00bb]<\/p>\n<p><a href=\"https:\/\/www.instagram.com\/inoxsis\/\"><img loading=\"lazy\" decoding=\"async\" class=\"wp-image-11767 alignnone \" src=\"https:\/\/inoxsis.com\/wp-content\/uploads\/2024\/11\/WhatsApp-Image-2025-04-22-at-13.45.45.jpeg\" alt=\"\" width=\"40\" height=\"40\" \/>\u00a0\u00a0 <\/a><a href=\"https:\/\/www.linkedin.com\/company\/inoxsis\/\"><img loading=\"lazy\" decoding=\"async\" class=\"alignnone wp-image-11762\" src=\"https:\/\/inoxsis.com\/wp-content\/uploads\/2024\/11\/WhatsApp-Image-2025-04-22-at-13.45.44.jpeg\" alt=\"\" width=\"40\" height=\"40\" \/>\u00a0\u00a0 <\/a><a href=\"https:\/\/www.youtube.com\/@inoxsis5219\"><img loading=\"lazy\" decoding=\"async\" class=\"alignnone wp-image-11757 \" src=\"https:\/\/inoxsis.com\/wp-content\/uploads\/2024\/11\/WhatsApp-Image-2025-04-22-at-13.45.44-1.jpeg\" alt=\"\" width=\"40\" height=\"40\" \/>\u00a0 <\/a><a href=\"https:\/\/www.equiposdehigiene.com\/en\/\" target=\"_blank\" rel=\"noopener\"><img loading=\"lazy\" decoding=\"async\" class=\"alignnone wp-image-12415\" src=\"https:\/\/inoxsis.com\/wp-content\/uploads\/2025\/10\/gloggg.webp\" alt=\"\" width=\"39\" height=\"39\" \/><\/a><\/p>\n<p>[\/et_pb_text][\/et_pb_column][et_pb_column type=\u00a0\u00bb1_3&Prime; _builder_version=\u00a0\u00bb4.16&Prime; global_colors_info=\u00a0\u00bb{}\u00a0\u00bb][et_pb_text disabled_on=\u00a0\u00bbon|on|on\u00a0\u00bb admin_label=\u00a0\u00bbNewsletter\u00a0\u00bb _builder_version=\u00a0\u00bb4.16&Prime; text_font=\u00a0\u00bbOpen Sans|700|||||||\u00a0\u00bb text_text_color=\u00a0\u00bb#2c2c2b\u00a0\u00bb disabled=\u00a0\u00bbon\u00a0\u00bb global_colors_info=\u00a0\u00bb{}\u00a0\u00bb]<\/p>\n<p>NEWSLETTER<\/p>\n<p>[\/et_pb_text][et_pb_text disabled_on=\u00a0\u00bbon|on|on\u00a0\u00bb _builder_version=\u00a0\u00bb4.25.2&Prime; text_font=\u00a0\u00bbPT Sans||||||||\u00a0\u00bb text_text_color=\u00a0\u00bb#484848&Prime; text_font_size=\u00a0\u00bb13px\u00a0\u00bb disabled=\u00a0\u00bbon\u00a0\u00bb global_colors_info=\u00a0\u00bb{}\u00a0\u00bb]<\/p>\n<p>Restez au courant de nos actualit\u00e9s et des informations pertinentes<\/p>\n<p>[\/et_pb_text][\/et_pb_column][\/et_pb_row][\/et_pb_section][et_pb_section fb_built=\u00a0\u00bb1&Prime; admin_label=\u00a0\u00bbFooter barra\u00a0\u00bb _builder_version=\u00a0\u00bb4.16&Prime; background_color=\u00a0\u00bb#1f1f1f\u00a0\u00bb custom_padding=\u00a0\u00bb0px||0px|||\u00a0\u00bb global_module=\u00a0\u00bb182&Prime; saved_tabs=\u00a0\u00bball\u00a0\u00bb locked=\u00a0\u00bboff\u00a0\u00bb global_colors_info=\u00a0\u00bb{}\u00a0\u00bb][et_pb_row admin_label=\u00a0\u00bbFila\u00a0\u00bb _builder_version=\u00a0\u00bb4.16&Prime; global_colors_info=\u00a0\u00bb{}\u00a0\u00bb][et_pb_column type=\u00a0\u00bb4_4&Prime; _builder_version=\u00a0\u00bb4.16&Prime; global_colors_info=\u00a0\u00bb{}\u00a0\u00bb][et_pb_text _builder_version=\u00a0\u00bb4.25.2&Prime; text_font=\u00a0\u00bbPT Sans||||||||\u00a0\u00bb text_text_color=\u00a0\u00bb#f8f8f8&Prime; text_font_size=\u00a0\u00bb12px\u00a0\u00bb global_colors_info=\u00a0\u00bb{}\u00a0\u00bb]<\/p>\n<p>\u00a9 EMINOX TECH, S.L., Tous droits r\u00e9serv\u00e9s | <span style=\"color: #f8f8f8;\"><a style=\"color: #f8f8f8;\" href=\"https:\/\/inoxsis.com\/fr\/politique-de-confidentialite\/\">Mentions l\u00e9gales<\/a><\/span> | <span style=\"color: #f8f8f8;\"><a style=\"color: #f8f8f8;\" href=\"https:\/\/inoxsis.com\/fr\/conditions-dutilisation\/\">Conditions d\u2019utilisation<\/a><\/span><\/p>\n<p>[\/et_pb_text][\/et_pb_column][\/et_pb_row][et_pb_row _builder_version=\u00a0\u00bb4.16&Prime; custom_padding=\u00a0\u00bb0px||0px|||\u00a0\u00bb global_colors_info=\u00a0\u00bb{}\u00a0\u00bb][et_pb_column type=\u00a0\u00bb4_4&Prime; _builder_version=\u00a0\u00bb4.16&Prime; global_colors_info=\u00a0\u00bb{}\u00a0\u00bb][et_pb_code admin_label=\u00a0\u00bbCookies\u00a0\u00bb _builder_version=\u00a0\u00bb4.25.2&Prime; custom_margin=\u00a0\u00bb-31px|||||\u00a0\u00bb custom_padding=\u00a0\u00bb1px||0px|||\u00a0\u00bb global_colors_info=\u00a0\u00bb{}\u00a0\u00bb]<script type=\"text\/javascript\"> window.cookieconsent_options = {\"message\":\"Ce site web utilise des cookies propres et de tiers pour fonctionner. Pour continuer \u00e0 naviguer, vous devez les accepter.\",\"dismiss\":\"J'accepte\",\"learnMore\":\"Politique de confidentialit\u00e9 \",\"link\":\"https:\/\/inoxsis.com\/politica-privacidad\/\",\"theme\":\"dark-bottom\"}; <\/script> <script type=\"text\/javascript\" src=\"\/\/cdnjs.cloudflare.com\/ajax\/libs\/cookieconsent2\/1.0.9\/cookieconsent.min.js\"><\/script>[\/et_pb_code][\/et_pb_column][\/et_pb_row][\/et_pb_section]<\/p>\n","protected":false},"excerpt":{"rendered":"<p>Avez-vous besoin de plus d\u2019informations? Contactez ici avec un de nos commerciaux.CONTACTEZ-NOUSEMINOX TECH S.L.Avda. Pa\u00efsos Catalans, 210-21217457 Riudellots de la Selva (Girona &#8211; Espa\u00f1a)T (+34) 872 20 25 88 hola@inoxsis.com\u00a0\u00a0 \u00a0\u00a0 \u00a0 NEWSLETTERRestez au courant de nos actualit\u00e9s et des informations pertinentes\u00a9 EMINOX TECH, S.L., Tous droits r\u00e9serv\u00e9s | Mentions l\u00e9gales | Conditions d\u2019utilisation<\/p>\n","protected":false},"author":1,"featured_media":0,"parent":0,"menu_order":0,"comment_status":"closed","ping_status":"closed","template":"","meta":{"_et_pb_use_builder":"on","_et_pb_old_content":"","_et_gb_content_width":"","footnotes":""},"yoast_head":"<!-- This site is optimized with the Yoast SEO plugin v24.3 - https:\/\/yoast.com\/wordpress\/plugins\/seo\/ -->\n<title>Nouvelles - Inoxsis<\/title>\n<meta name=\"robots\" content=\"index, follow, max-snippet:-1, max-image-preview:large, max-video-preview:-1\" \/>\n<link rel=\"canonical\" href=\"https:\/\/inoxsis.com\/fr\/nouvelles\/\" \/>\n<meta property=\"og:locale\" content=\"fr_FR\" \/>\n<meta property=\"og:type\" content=\"article\" \/>\n<meta property=\"og:title\" content=\"Nouvelles - Inoxsis\" \/>\n<meta property=\"og:description\" content=\"Avez-vous besoin de plus d\u2019informations? Contactez ici avec un de nos commerciaux.CONTACTEZ-NOUSEMINOX TECH S.L.Avda. Pa\u00efsos Catalans, 210-21217457 Riudellots de la Selva (Girona - Espa\u00f1a)T (+34) 872 20 25 88 hola@inoxsis.com\u00a0\u00a0 \u00a0\u00a0 \u00a0 NEWSLETTERRestez au courant de nos actualit\u00e9s et des informations pertinentes\u00a9 EMINOX TECH, S.L., Tous droits r\u00e9serv\u00e9s | Mentions l\u00e9gales | Conditions d\u2019utilisation\" \/>\n<meta property=\"og:url\" content=\"https:\/\/inoxsis.com\/fr\/nouvelles\/\" \/>\n<meta property=\"og:site_name\" content=\"Inoxsis\" \/>\n<meta property=\"article:modified_time\" content=\"2026-02-10T15:50:29+00:00\" \/>\n<meta property=\"og:image\" content=\"https:\/\/inoxsis.com\/wp-content\/uploads\/2024\/11\/WhatsApp-Image-2025-04-22-at-13.45.45.jpeg\" \/>\n<meta name=\"twitter:card\" content=\"summary_large_image\" \/>\n<meta name=\"twitter:label1\" content=\"Dur\u00e9e de lecture estim\u00e9e\" \/>\n\t<meta name=\"twitter:data1\" content=\"5 minutes\" \/>\n<script type=\"application\/ld+json\" class=\"yoast-schema-graph\">{\"@context\":\"https:\/\/schema.org\",\"@graph\":[{\"@type\":\"WebPage\",\"@id\":\"https:\/\/inoxsis.com\/fr\/nouvelles\/\",\"url\":\"https:\/\/inoxsis.com\/fr\/nouvelles\/\",\"name\":\"Nouvelles - Inoxsis\",\"isPartOf\":{\"@id\":\"https:\/\/inoxsis.com\/fr\/#website\"},\"primaryImageOfPage\":{\"@id\":\"https:\/\/inoxsis.com\/fr\/nouvelles\/#primaryimage\"},\"image\":{\"@id\":\"https:\/\/inoxsis.com\/fr\/nouvelles\/#primaryimage\"},\"thumbnailUrl\":\"https:\/\/inoxsis.com\/wp-content\/uploads\/2024\/11\/WhatsApp-Image-2025-04-22-at-13.45.45.jpeg\",\"datePublished\":\"2020-04-15T13:26:23+00:00\",\"dateModified\":\"2026-02-10T15:50:29+00:00\",\"breadcrumb\":{\"@id\":\"https:\/\/inoxsis.com\/fr\/nouvelles\/#breadcrumb\"},\"inLanguage\":\"fr-FR\",\"potentialAction\":[{\"@type\":\"ReadAction\",\"target\":[\"https:\/\/inoxsis.com\/fr\/nouvelles\/\"]}]},{\"@type\":\"ImageObject\",\"inLanguage\":\"fr-FR\",\"@id\":\"https:\/\/inoxsis.com\/fr\/nouvelles\/#primaryimage\",\"url\":\"https:\/\/inoxsis.com\/wp-content\/uploads\/2024\/11\/WhatsApp-Image-2025-04-22-at-13.45.45.jpeg\",\"contentUrl\":\"https:\/\/inoxsis.com\/wp-content\/uploads\/2024\/11\/WhatsApp-Image-2025-04-22-at-13.45.45.jpeg\"},{\"@type\":\"BreadcrumbList\",\"@id\":\"https:\/\/inoxsis.com\/fr\/nouvelles\/#breadcrumb\",\"itemListElement\":[{\"@type\":\"ListItem\",\"position\":1,\"name\":\"Portada\",\"item\":\"https:\/\/inoxsis.com\/fr\/\"},{\"@type\":\"ListItem\",\"position\":2,\"name\":\"Nouvelles\"}]},{\"@type\":\"WebSite\",\"@id\":\"https:\/\/inoxsis.com\/fr\/#website\",\"url\":\"https:\/\/inoxsis.com\/fr\/\",\"name\":\"Inoxsis\",\"description\":\"Stronger, Cleaner.\",\"potentialAction\":[{\"@type\":\"SearchAction\",\"target\":{\"@type\":\"EntryPoint\",\"urlTemplate\":\"https:\/\/inoxsis.com\/fr\/?s={search_term_string}\"},\"query-input\":{\"@type\":\"PropertyValueSpecification\",\"valueRequired\":true,\"valueName\":\"search_term_string\"}}],\"inLanguage\":\"fr-FR\"}]}<\/script>\n<!-- \/ Yoast SEO plugin. -->","yoast_head_json":{"title":"Nouvelles - Inoxsis","robots":{"index":"index","follow":"follow","max-snippet":"max-snippet:-1","max-image-preview":"max-image-preview:large","max-video-preview":"max-video-preview:-1"},"canonical":"https:\/\/inoxsis.com\/fr\/nouvelles\/","og_locale":"fr_FR","og_type":"article","og_title":"Nouvelles - Inoxsis","og_description":"Avez-vous besoin de plus d\u2019informations? Contactez ici avec un de nos commerciaux.CONTACTEZ-NOUSEMINOX TECH S.L.Avda. Pa\u00efsos Catalans, 210-21217457 Riudellots de la Selva (Girona - Espa\u00f1a)T (+34) 872 20 25 88 hola@inoxsis.com\u00a0\u00a0 \u00a0\u00a0 \u00a0 NEWSLETTERRestez au courant de nos actualit\u00e9s et des informations pertinentes\u00a9 EMINOX TECH, S.L., Tous droits r\u00e9serv\u00e9s | Mentions l\u00e9gales | Conditions d\u2019utilisation","og_url":"https:\/\/inoxsis.com\/fr\/nouvelles\/","og_site_name":"Inoxsis","article_modified_time":"2026-02-10T15:50:29+00:00","og_image":[{"url":"https:\/\/inoxsis.com\/wp-content\/uploads\/2024\/11\/WhatsApp-Image-2025-04-22-at-13.45.45.jpeg","type":"","width":"","height":""}],"twitter_card":"summary_large_image","twitter_misc":{"Dur\u00e9e de lecture estim\u00e9e":"5 minutes"},"schema":{"@context":"https:\/\/schema.org","@graph":[{"@type":"WebPage","@id":"https:\/\/inoxsis.com\/fr\/nouvelles\/","url":"https:\/\/inoxsis.com\/fr\/nouvelles\/","name":"Nouvelles - Inoxsis","isPartOf":{"@id":"https:\/\/inoxsis.com\/fr\/#website"},"primaryImageOfPage":{"@id":"https:\/\/inoxsis.com\/fr\/nouvelles\/#primaryimage"},"image":{"@id":"https:\/\/inoxsis.com\/fr\/nouvelles\/#primaryimage"},"thumbnailUrl":"https:\/\/inoxsis.com\/wp-content\/uploads\/2024\/11\/WhatsApp-Image-2025-04-22-at-13.45.45.jpeg","datePublished":"2020-04-15T13:26:23+00:00","dateModified":"2026-02-10T15:50:29+00:00","breadcrumb":{"@id":"https:\/\/inoxsis.com\/fr\/nouvelles\/#breadcrumb"},"inLanguage":"fr-FR","potentialAction":[{"@type":"ReadAction","target":["https:\/\/inoxsis.com\/fr\/nouvelles\/"]}]},{"@type":"ImageObject","inLanguage":"fr-FR","@id":"https:\/\/inoxsis.com\/fr\/nouvelles\/#primaryimage","url":"https:\/\/inoxsis.com\/wp-content\/uploads\/2024\/11\/WhatsApp-Image-2025-04-22-at-13.45.45.jpeg","contentUrl":"https:\/\/inoxsis.com\/wp-content\/uploads\/2024\/11\/WhatsApp-Image-2025-04-22-at-13.45.45.jpeg"},{"@type":"BreadcrumbList","@id":"https:\/\/inoxsis.com\/fr\/nouvelles\/#breadcrumb","itemListElement":[{"@type":"ListItem","position":1,"name":"Portada","item":"https:\/\/inoxsis.com\/fr\/"},{"@type":"ListItem","position":2,"name":"Nouvelles"}]},{"@type":"WebSite","@id":"https:\/\/inoxsis.com\/fr\/#website","url":"https:\/\/inoxsis.com\/fr\/","name":"Inoxsis","description":"Stronger, Cleaner.","potentialAction":[{"@type":"SearchAction","target":{"@type":"EntryPoint","urlTemplate":"https:\/\/inoxsis.com\/fr\/?s={search_term_string}"},"query-input":{"@type":"PropertyValueSpecification","valueRequired":true,"valueName":"search_term_string"}}],"inLanguage":"fr-FR"}]}},"_links":{"self":[{"href":"https:\/\/inoxsis.com\/fr\/wp-json\/wp\/v2\/pages\/8031"}],"collection":[{"href":"https:\/\/inoxsis.com\/fr\/wp-json\/wp\/v2\/pages"}],"about":[{"href":"https:\/\/inoxsis.com\/fr\/wp-json\/wp\/v2\/types\/page"}],"author":[{"embeddable":true,"href":"https:\/\/inoxsis.com\/fr\/wp-json\/wp\/v2\/users\/1"}],"replies":[{"embeddable":true,"href":"https:\/\/inoxsis.com\/fr\/wp-json\/wp\/v2\/comments?post=8031"}],"version-history":[{"count":6,"href":"https:\/\/inoxsis.com\/fr\/wp-json\/wp\/v2\/pages\/8031\/revisions"}],"predecessor-version":[{"id":12797,"href":"https:\/\/inoxsis.com\/fr\/wp-json\/wp\/v2\/pages\/8031\/revisions\/12797"}],"wp:attachment":[{"href":"https:\/\/inoxsis.com\/fr\/wp-json\/wp\/v2\/media?parent=8031"}],"curies":[{"name":"wp","href":"https:\/\/api.w.org\/{rel}","templated":true}]}}