{"id":8487,"date":"2020-05-13T10:58:39","date_gmt":"2020-05-13T08:58:39","guid":{"rendered":"https:\/\/inoxsis.com\/termini-di-utilizzo\/"},"modified":"2026-02-11T09:24:06","modified_gmt":"2026-02-11T08:24:06","slug":"termini-di-utilizzo","status":"publish","type":"page","link":"https:\/\/inoxsis.com\/it\/termini-di-utilizzo\/","title":{"rendered":"Termini di utilizzo"},"content":{"rendered":"<p>[et_pb_section fb_built=&#8221;1&#8243; _builder_version=&#8221;4.16&#8243; custom_padding=&#8221;||11px|||&#8221; locked=&#8221;off&#8221; global_colors_info=&#8221;{}&#8221;][et_pb_row _builder_version=&#8221;4.16&#8243; global_colors_info=&#8221;{}&#8221;][et_pb_column type=&#8221;4_4&#8243; _builder_version=&#8221;4.16&#8243; global_colors_info=&#8221;{}&#8221;][et_pb_text _builder_version=&#8221;4.16&#8243; text_font=&#8221;klavika|700|||||||&#8221; text_text_color=&#8221;#343333&#8243; text_font_size=&#8221;30px&#8221; text_orientation=&#8221;center&#8221; custom_margin=&#8221;||33px|||&#8221; locked=&#8221;off&#8221; global_colors_info=&#8221;{}&#8221;]<\/p>\n<p>Termini di utilizzo<\/p>\n<p>[\/et_pb_text][et_pb_text _builder_version=&#8221;4.25.2&#8243; text_font=&#8221;klavika||||||||&#8221; text_text_color=&#8221;#343333&#8243; text_font_size=&#8221;20px&#8221; text_line_height=&#8221;1.3em&#8221; global_colors_info=&#8221;{}&#8221;]<\/p>\n<p style=\"text-align: justify;\"><em>In ottemperanza alla Legge 34\/2002, dell&#8217;11 luglio, sui servizi della Societ\u00e0 dell&#8217;informazione e del commercio elettronico (LSSI-CE), EMINOX TECH, S.L. informa che \u00e8 il proprietario del sito web <\/em><span style=\"color: #343333;\"><a href=\"http:\/\/www.inoxsis.com\" style=\"color: #343333;\"><em>www.inoxsis.com<\/em><\/a><\/span><em>. In conformit\u00e0 con il requisito dell&#8217;articolo 10 della suddetta legge, EMINOX TECH, S.L. riporta i seguenti dati: <\/em><\/p>\n<p style=\"text-align: justify;\"><em>Il proprietario di questo sito Web \u00e8 EMINOX TECH, S.L., con CIF B56305188 e sede legale in Av. Pa\u00efsos Catalans, n. 210-212, 17457 Riudellots de la Selva (Girona) iscritta al Registro Mercantile di Girona nel tomo 3447, pagina 176, pagina numero GI-73041. L&#8217;indirizzo email di contatto dell&#8217;azienda \u00e8: <\/em><span style=\"color: #343333;\"><a href=\"mailto:hola@inoxsis.com\" style=\"color: #343333;\"><em>hola@inoxsis.com<\/em><\/a><\/span><em>. <\/em><\/p>\n<p style=\"text-align: justify;\"><em>UTENTE E SISTEMA DI RESPONSABILIT\u00c0 <\/em><\/p>\n<p style=\"text-align: justify;\"><em>La navigazione, accesso e utilizzo degli EMINOX TECH, S.L. conferisce la condizione di utente, per cui, dalla navigazione nel sito web di EMINOX TECH, S.L., si accettano tutte le condizioni d&#8217;uso stabilite nel presente documento senza pregiudizio dell&#8217;applicazione delle corrispondenti disposizioni legali obbligatorie, a seconda dei casi. <\/em><\/p>\n<p style=\"text-align: justify;\"><em>Il sito web di EMINOX TECH, S.L. fornisce una grande variet\u00e0 di informazioni, servizi e dati. L&#8217;utente si assume la responsabilit\u00e0 per il corretto utilizzo del sito web. Questa responsabilit\u00e0 si estende a: <\/em><\/p>\n<p style=\"text-align: justify;\"><em>&#8211; <\/em><em>La veridicit\u00e0 e la legalit\u00e0 delle informazioni fornite dall&#8217;utente nei moduli rilasciati da EMINOX TECH, S.L. per l&#8217;accesso a determinati contenuti o servizi offerti dal sito web. <\/em><\/p>\n<p style=\"text-align: justify;\"><em>&#8211; <\/em><em>L&#8217;uso delle informazioni, dei servizi e dei dati offerti da EMINOX TECH, S.L. contrari a quanto previsto nelle presenti condizioni, alla legge, al buon costume, al buon costume o all&#8217;ordine pubblico, o che in qualsiasi altro modo possano comportare lesione dei diritti di terzi o del funzionamento del sito stesso. <\/em><\/p>\n<p style=\"text-align: justify;\"><em>POLITICA SUI LINK ED ESENZIONI DI RESPONSABILIT\u00c0 <\/em><\/p>\n<p style=\"text-align: justify;\"><em>EMINOX TECH, S.L. non \u00e8 responsabile del contenuto dei siti web a cui l&#8217;utente pu\u00f2 accedere tramite i collegamenti stabiliti sul proprio sito web e dichiara che in nessun caso proceder\u00e0 ad esaminare o esercitare alcun tipo di controllo sul contenuto di altri siti web esterni. Allo stesso modo, non garantisce la disponibilit\u00e0 tecnica, l&#8217;esattezza, la veridicit\u00e0, la validit\u00e0 o la legalit\u00e0 di siti esterni alla sua propriet\u00e0 ai quali \u00e8 possibile accedere tramite i link. <\/em><\/p>\n<p style=\"text-align: justify;\"><em>EMINOX TECH, S.L. dichiara di aver adottato tutte le misure necessarie per evitare qualsiasi danno agli utenti, che potrebbero derivare dalla navigazione nel suo sito web. Di conseguenza, EMINOX TECH, S.L. non \u00e8 responsabile, in nessun caso, per eventuali danni che l&#8217;utente potrebbe subire a causa della navigazione in Internet. <\/em><\/p>\n<p style=\"text-align: justify;\"><em>MODIFICHE <\/em><\/p>\n<p style=\"text-align: justify;\"><em>EMINOX TECH, S.L. si riserva il diritto di apportare le modifiche che riterr\u00e0 opportune, senza preavviso, al contenuto del proprio sito web. Sia per quanto riguarda i contenuti del sito web, sia per quanto riguarda le condizioni di utilizzo dello stesso. Tali modifiche possono essere apportate attraverso il suo sito Web con qualsiasi mezzo consentito dalla legge e saranno obbligatorie durante il tempo in cui sono pubblicate sul Web e fino a quando non saranno validamente modificate da quelle successive.<\/em><\/p>\n<p><em>\u00a0<\/em><\/p>\n<p>[\/et_pb_text][\/et_pb_column][\/et_pb_row][\/et_pb_section][et_pb_section fb_built=&#8221;1&#8243; admin_label=&#8221;Contactanos&#8221; _builder_version=&#8221;4.16&#8243; background_color=&#8221;#e9c20b&#8221; custom_padding=&#8221;0px||0px|||&#8221; saved_tabs=&#8221;all&#8221; locked=&#8221;off&#8221; global_colors_info=&#8221;{}&#8221;][et_pb_row _builder_version=&#8221;4.16&#8243; global_colors_info=&#8221;{}&#8221;][et_pb_column type=&#8221;4_4&#8243; _builder_version=&#8221;4.16&#8243; global_colors_info=&#8221;{}&#8221;][et_pb_text admin_label=&#8221;contactanos&#8221; _builder_version=&#8221;4.16&#8243; text_font=&#8221;klavika||||||||&#8221; text_text_color=&#8221;#343333&#8243; text_font_size=&#8221;20px&#8221; background_color=&#8221;#e9c20b&#8221; text_orientation=&#8221;center&#8221; global_colors_info=&#8221;{}&#8221;]Hai bisogno di maggiori informazioni? <span style=\"color: #343333;\"><a style=\"color: #343333;\" href=\"mailto:hola@inoxsis.com\"><strong><u> Contatta <\/u><\/strong><\/a><\/span> uno dei nostri commerciali qui.[\/et_pb_text][\/et_pb_column][\/et_pb_row][\/et_pb_section][et_pb_section fb_built=&#8221;1&#8243; admin_label=&#8221;Footer&#8221; _builder_version=&#8221;4.16&#8243; background_color=&#8221;#ededed&#8221; custom_padding=&#8221;0px||0px|||&#8221; saved_tabs=&#8221;all&#8221; locked=&#8221;off&#8221; global_colors_info=&#8221;{}&#8221;][et_pb_row column_structure=&#8221;1_3,1_3,1_3&#8243; _builder_version=&#8221;4.16&#8243; global_colors_info=&#8221;{}&#8221;][et_pb_column type=&#8221;1_3&#8243; _builder_version=&#8221;4.16&#8243; global_colors_info=&#8221;{}&#8221;][et_pb_image src=&#8221;https:\/\/inoxsis.com\/wp-content\/uploads\/2020\/04\/logo-footer.png&#8221; admin_label=&#8221;Logo&#8221; _builder_version=&#8221;4.16&#8243; global_colors_info=&#8221;{}&#8221;][\/et_pb_image][\/et_pb_column][et_pb_column type=&#8221;1_3&#8243; _builder_version=&#8221;4.16&#8243; global_colors_info=&#8221;{}&#8221;][et_pb_text admin_label=&#8221;Contactanos&#8221; _builder_version=&#8221;4.16&#8243; text_font=&#8221;Open Sans|700|||||||&#8221; text_text_color=&#8221;#2c2c2b&#8221; global_colors_info=&#8221;{}&#8221;]<\/p>\n<p>CONTATTACI<\/p>\n<p>[\/et_pb_text][et_pb_text _builder_version=&#8221;4.16&#8243; text_font=&#8221;PT Sans||||||||&#8221; text_text_color=&#8221;#484848&#8243; text_font_size=&#8221;13px&#8221; global_colors_info=&#8221;{}&#8221;]<\/p>\n<p><strong>EMINOX TECH S.L.<\/strong><br \/>Avda. Pa\u00efsos Catalans, 210-212<br \/>17457 Riudellots de la Selva (Girona &#8211; Espa\u00f1a)<br \/><span style=\"color: #333333;\">T (+34) 872 20 25 88<\/span><\/p>\n<p><span style=\"color: #333333;\"><a style=\"color: #2c2c2b;\" href=\"mailto:hola@inoxsis.com\"><strong><u>hola@inoxsis.com<\/u><\/strong><\/a><\/span><\/p>\n<p>[\/et_pb_text][\/et_pb_column][et_pb_column type=&#8221;1_3&#8243; _builder_version=&#8221;4.16&#8243; global_colors_info=&#8221;{}&#8221;][et_pb_text disabled_on=&#8221;on|on|on&#8221; admin_label=&#8221;Newsletter&#8221; _builder_version=&#8221;4.16&#8243; text_font=&#8221;Open Sans|700|||||||&#8221; text_text_color=&#8221;#2c2c2b&#8221; disabled=&#8221;on&#8221; global_colors_info=&#8221;{}&#8221;]<\/p>\n<p>NEWSLETTER<\/p>\n<p>[\/et_pb_text][et_pb_text disabled_on=&#8221;on|on|on&#8221; _builder_version=&#8221;4.16&#8243; text_font=&#8221;PT Sans||||||||&#8221; text_text_color=&#8221;#484848&#8243; text_font_size=&#8221;13px&#8221; disabled=&#8221;on&#8221; global_colors_info=&#8221;{}&#8221;]<\/p>\n<p>Rimani aggiornato attraverso le nostre news<\/p>\n<p>[\/et_pb_text][\/et_pb_column][\/et_pb_row][\/et_pb_section][et_pb_section fb_built=&#8221;1&#8243; admin_label=&#8221;Footer barra&#8221; _builder_version=&#8221;4.16&#8243; background_color=&#8221;#1f1f1f&#8221; custom_padding=&#8221;0px||0px|||&#8221; saved_tabs=&#8221;all&#8221; locked=&#8221;off&#8221; global_colors_info=&#8221;{}&#8221;][et_pb_row _builder_version=&#8221;4.16&#8243; global_colors_info=&#8221;{}&#8221;][et_pb_column type=&#8221;4_4&#8243; _builder_version=&#8221;4.16&#8243; global_colors_info=&#8221;{}&#8221;][et_pb_text _builder_version=&#8221;4.16&#8243; text_font=&#8221;PT Sans||||||||&#8221; text_text_color=&#8221;#f8f8f8&#8243; text_font_size=&#8221;12px&#8221; global_colors_info=&#8221;{}&#8221;]<\/p>\n<p>\u00a9 2021 INOXSIS ACCESORIES, S.L., Diritti interamente riservati | <span style=\"color: #f8f8f8;\"><a style=\"color: #f8f8f8;\" href=\"https:\/\/inoxsis.com\/it\/privacy-policy\/\">Avviso legale<\/a><\/span> | <span style=\"color: #f8f8f8;\"><a style=\"color: #f8f8f8;\" href=\"https:\/\/inoxsis.com\/it\/termini-di-utilizzo\/\">Termini di utilizzo<\/a><\/span><\/p>\n<p>[\/et_pb_text][\/et_pb_column][\/et_pb_row][et_pb_row _builder_version=&#8221;4.16&#8243; custom_padding=&#8221;0px||0px|||&#8221; global_colors_info=&#8221;{}&#8221;][et_pb_column type=&#8221;4_4&#8243; _builder_version=&#8221;4.16&#8243; global_colors_info=&#8221;{}&#8221;][et_pb_code admin_label=&#8221;Cookies&#8221; _builder_version=&#8221;4.16&#8243; custom_margin=&#8221;-31px|||||&#8221; custom_padding=&#8221;1px||0px|||&#8221; global_colors_info=&#8221;{}&#8221;]<script type=\"text\/javascript\"> window.cookieconsent_options = {\"message\":\" Questo sito web utiliza cookies propri e di terza parte, per continuare a navigare ti chiediamo di accettarle.<!-- [et_pb_line_break_holder] -->\",\"dismiss\":\"Accetto\",\"learnMore\":\"Privacy policy\",\"link\":\"https:\/\/inoxsis.com\/it\/privacy-policy\/\",\"theme\":\"dark-bottom\"}; <\/script> <script type=\"text\/javascript\" src=\"\/\/cdnjs.cloudflare.com\/ajax\/libs\/cookieconsent2\/1.0.9\/cookieconsent.min.js\"><\/script>[\/et_pb_code][\/et_pb_column][\/et_pb_row][\/et_pb_section]<\/p>\n","protected":false},"excerpt":{"rendered":"<p>Termini di utilizzoIn ottemperanza alla Legge 34\/2002, dell&#8217;11 luglio, sui servizi della Societ\u00e0 dell&#8217;informazione e del commercio elettronico (LSSI-CE), EMINOX TECH, S.L. informa che \u00e8 il proprietario del sito web www.inoxsis.com. In conformit\u00e0 con il requisito dell&#8217;articolo 10 della suddetta legge, EMINOX TECH, S.L. riporta i seguenti dati: Il proprietario di questo sito Web \u00e8 [&hellip;]<\/p>\n","protected":false},"author":1,"featured_media":0,"parent":0,"menu_order":0,"comment_status":"closed","ping_status":"closed","template":"","meta":{"_et_pb_use_builder":"on","_et_pb_old_content":"","_et_gb_content_width":"","footnotes":""},"yoast_head":"<!-- This site is optimized with the Yoast SEO plugin v24.3 - https:\/\/yoast.com\/wordpress\/plugins\/seo\/ -->\n<title>Termini di utilizzo - Inoxsis<\/title>\n<meta name=\"robots\" content=\"index, follow, max-snippet:-1, max-image-preview:large, max-video-preview:-1\" \/>\n<link rel=\"canonical\" href=\"https:\/\/inoxsis.com\/it\/termini-di-utilizzo\/\" \/>\n<meta property=\"og:locale\" content=\"it_IT\" \/>\n<meta property=\"og:type\" content=\"article\" \/>\n<meta property=\"og:title\" content=\"Termini di utilizzo - Inoxsis\" \/>\n<meta property=\"og:description\" content=\"Termini di utilizzoIn ottemperanza alla Legge 34\/2002, dell&#039;11 luglio, sui servizi della Societ\u00e0 dell&#039;informazione e del commercio elettronico (LSSI-CE), EMINOX TECH, S.L. informa che \u00e8 il proprietario del sito web www.inoxsis.com. In conformit\u00e0 con il requisito dell&#039;articolo 10 della suddetta legge, EMINOX TECH, S.L. riporta i seguenti dati: Il proprietario di questo sito Web \u00e8 [&hellip;]\" \/>\n<meta property=\"og:url\" content=\"https:\/\/inoxsis.com\/it\/termini-di-utilizzo\/\" \/>\n<meta property=\"og:site_name\" content=\"Inoxsis\" \/>\n<meta property=\"article:modified_time\" content=\"2026-02-11T08:24:06+00:00\" \/>\n<meta name=\"twitter:card\" content=\"summary_large_image\" \/>\n<meta name=\"twitter:label1\" content=\"Tempo di lettura stimato\" \/>\n\t<meta name=\"twitter:data1\" content=\"5 minuti\" \/>\n<script type=\"application\/ld+json\" class=\"yoast-schema-graph\">{\"@context\":\"https:\/\/schema.org\",\"@graph\":[{\"@type\":\"WebPage\",\"@id\":\"https:\/\/inoxsis.com\/it\/termini-di-utilizzo\/\",\"url\":\"https:\/\/inoxsis.com\/it\/termini-di-utilizzo\/\",\"name\":\"Termini di utilizzo - Inoxsis\",\"isPartOf\":{\"@id\":\"https:\/\/inoxsis.com\/it\/#website\"},\"datePublished\":\"2020-05-13T08:58:39+00:00\",\"dateModified\":\"2026-02-11T08:24:06+00:00\",\"breadcrumb\":{\"@id\":\"https:\/\/inoxsis.com\/it\/termini-di-utilizzo\/#breadcrumb\"},\"inLanguage\":\"it-IT\",\"potentialAction\":[{\"@type\":\"ReadAction\",\"target\":[\"https:\/\/inoxsis.com\/it\/termini-di-utilizzo\/\"]}]},{\"@type\":\"BreadcrumbList\",\"@id\":\"https:\/\/inoxsis.com\/it\/termini-di-utilizzo\/#breadcrumb\",\"itemListElement\":[{\"@type\":\"ListItem\",\"position\":1,\"name\":\"Portada\",\"item\":\"https:\/\/inoxsis.com\/it\/\"},{\"@type\":\"ListItem\",\"position\":2,\"name\":\"Termini di utilizzo\"}]},{\"@type\":\"WebSite\",\"@id\":\"https:\/\/inoxsis.com\/it\/#website\",\"url\":\"https:\/\/inoxsis.com\/it\/\",\"name\":\"Inoxsis\",\"description\":\"Stronger, Cleaner.\",\"potentialAction\":[{\"@type\":\"SearchAction\",\"target\":{\"@type\":\"EntryPoint\",\"urlTemplate\":\"https:\/\/inoxsis.com\/it\/?s={search_term_string}\"},\"query-input\":{\"@type\":\"PropertyValueSpecification\",\"valueRequired\":true,\"valueName\":\"search_term_string\"}}],\"inLanguage\":\"it-IT\"}]}<\/script>\n<!-- \/ Yoast SEO plugin. -->","yoast_head_json":{"title":"Termini di utilizzo - Inoxsis","robots":{"index":"index","follow":"follow","max-snippet":"max-snippet:-1","max-image-preview":"max-image-preview:large","max-video-preview":"max-video-preview:-1"},"canonical":"https:\/\/inoxsis.com\/it\/termini-di-utilizzo\/","og_locale":"it_IT","og_type":"article","og_title":"Termini di utilizzo - Inoxsis","og_description":"Termini di utilizzoIn ottemperanza alla Legge 34\/2002, dell'11 luglio, sui servizi della Societ\u00e0 dell'informazione e del commercio elettronico (LSSI-CE), EMINOX TECH, S.L. informa che \u00e8 il proprietario del sito web www.inoxsis.com. In conformit\u00e0 con il requisito dell'articolo 10 della suddetta legge, EMINOX TECH, S.L. riporta i seguenti dati: Il proprietario di questo sito Web \u00e8 [&hellip;]","og_url":"https:\/\/inoxsis.com\/it\/termini-di-utilizzo\/","og_site_name":"Inoxsis","article_modified_time":"2026-02-11T08:24:06+00:00","twitter_card":"summary_large_image","twitter_misc":{"Tempo di lettura stimato":"5 minuti"},"schema":{"@context":"https:\/\/schema.org","@graph":[{"@type":"WebPage","@id":"https:\/\/inoxsis.com\/it\/termini-di-utilizzo\/","url":"https:\/\/inoxsis.com\/it\/termini-di-utilizzo\/","name":"Termini di utilizzo - Inoxsis","isPartOf":{"@id":"https:\/\/inoxsis.com\/it\/#website"},"datePublished":"2020-05-13T08:58:39+00:00","dateModified":"2026-02-11T08:24:06+00:00","breadcrumb":{"@id":"https:\/\/inoxsis.com\/it\/termini-di-utilizzo\/#breadcrumb"},"inLanguage":"it-IT","potentialAction":[{"@type":"ReadAction","target":["https:\/\/inoxsis.com\/it\/termini-di-utilizzo\/"]}]},{"@type":"BreadcrumbList","@id":"https:\/\/inoxsis.com\/it\/termini-di-utilizzo\/#breadcrumb","itemListElement":[{"@type":"ListItem","position":1,"name":"Portada","item":"https:\/\/inoxsis.com\/it\/"},{"@type":"ListItem","position":2,"name":"Termini di utilizzo"}]},{"@type":"WebSite","@id":"https:\/\/inoxsis.com\/it\/#website","url":"https:\/\/inoxsis.com\/it\/","name":"Inoxsis","description":"Stronger, Cleaner.","potentialAction":[{"@type":"SearchAction","target":{"@type":"EntryPoint","urlTemplate":"https:\/\/inoxsis.com\/it\/?s={search_term_string}"},"query-input":{"@type":"PropertyValueSpecification","valueRequired":true,"valueName":"search_term_string"}}],"inLanguage":"it-IT"}]}},"_links":{"self":[{"href":"https:\/\/inoxsis.com\/it\/wp-json\/wp\/v2\/pages\/8487"}],"collection":[{"href":"https:\/\/inoxsis.com\/it\/wp-json\/wp\/v2\/pages"}],"about":[{"href":"https:\/\/inoxsis.com\/it\/wp-json\/wp\/v2\/types\/page"}],"author":[{"embeddable":true,"href":"https:\/\/inoxsis.com\/it\/wp-json\/wp\/v2\/users\/1"}],"replies":[{"embeddable":true,"href":"https:\/\/inoxsis.com\/it\/wp-json\/wp\/v2\/comments?post=8487"}],"version-history":[{"count":7,"href":"https:\/\/inoxsis.com\/it\/wp-json\/wp\/v2\/pages\/8487\/revisions"}],"predecessor-version":[{"id":12904,"href":"https:\/\/inoxsis.com\/it\/wp-json\/wp\/v2\/pages\/8487\/revisions\/12904"}],"wp:attachment":[{"href":"https:\/\/inoxsis.com\/it\/wp-json\/wp\/v2\/media?parent=8487"}],"curies":[{"name":"wp","href":"https:\/\/api.w.org\/{rel}","templated":true}]}}