{"id":8493,"date":"2020-04-15T15:26:11","date_gmt":"2020-04-15T13:26:11","guid":{"rendered":"https:\/\/inoxsis.com\/azienda\/"},"modified":"2026-02-10T16:17:09","modified_gmt":"2026-02-10T15:17:09","slug":"azienda","status":"publish","type":"page","link":"https:\/\/inoxsis.com\/it\/azienda\/","title":{"rendered":"Azienda"},"content":{"rendered":"<p>[et_pb_section fb_built=&#8221;1&#8243; _builder_version=&#8221;4.16&#8243; custom_padding=&#8221;||11px|||&#8221; global_colors_info=&#8221;{}&#8221;][et_pb_row _builder_version=&#8221;4.16&#8243; global_colors_info=&#8221;{}&#8221;][et_pb_column type=&#8221;4_4&#8243; _builder_version=&#8221;4.16&#8243; global_colors_info=&#8221;{}&#8221;][et_pb_text _builder_version=&#8221;4.16&#8243; text_font=&#8221;klavika||||||||&#8221; text_text_color=&#8221;#343333&#8243; text_font_size=&#8221;20px&#8221; text_line_height=&#8221;1.3em&#8221; global_colors_info=&#8221;{}&#8221;]<\/p>\n<p><strong>INOXSIS<\/strong>, n\u00e8 nata con l&#8217;obiettivo di produrre e offrire accessori e attrezzature per un&#8217;ampia variet\u00e0 di settori come quello alimentare, alberghiero, della ristorazione, delle opere civili e sanitario, tra gli altri.<\/p>\n<p>Il nostro team umano, insieme alla stretta collaborazione con i nostri clienti, ha consolidato una grande esperienza nello sviluppo di nuovi prodotti e nel miglioramento di quelli esistenti, sia nel design, nell&#8217;igiene, nell&#8217;ottimizzazione dei processi produttivi, permettendoci di coprire in modo specifico le esigenze di ogni cliente , offrendo un prodotto di qualit\u00e0 ad un prezzo ragionevole.<\/p>\n<p>Offriamo una vasta gamma di attrezzature e accessori che si adattano a ogni esigenza e settore. La nostra gamma \u00e8 composta da:<span style=\"font-size: 20px;\">\u00a0<\/span><\/p>\n<p><span style=\"font-size: 20px;\"><\/span><\/p>\n<p>[\/et_pb_text][\/et_pb_column][\/et_pb_row][\/et_pb_section][et_pb_section fb_built=&#8221;1&#8243; _builder_version=&#8221;4.16&#8243; background_color=&#8221;#fbe331&#8243; custom_padding=&#8221;23px||19px|||&#8221; global_colors_info=&#8221;{}&#8221;][et_pb_row _builder_version=&#8221;4.16&#8243; global_colors_info=&#8221;{}&#8221;][et_pb_column type=&#8221;4_4&#8243; _builder_version=&#8221;4.16&#8243; global_colors_info=&#8221;{}&#8221;][et_pb_text _builder_version=&#8221;4.16&#8243; text_text_color=&#8221;#343333&#8243; text_font_size=&#8221;20px&#8221; text_line_height=&#8221;1.3em&#8221; global_colors_info=&#8221;{}&#8221;]<\/p>\n<p><strong>Attrezzature per la disinfezione e la sterilizzazione<\/strong><br \/> Stazioni d\u2019igiene, sanificazione mani, stivali, suole, coltelli, strumenti di lavoro, etc.<\/p>\n<p><strong>Accessori per tutti i tipi di industrie<\/strong><br \/> Accessori per spogliatoi; armadietti, lavamani, panche, cestini, etc<\/p>\n<p><strong>Sistema di drenaggio e protezioni murarie<\/strong><br \/> Scarichi, grondaie, battiscopa, salvapareti, salvaporta, ecc&#8230;<\/p>\n<p><strong>Attrezzature e accessori per l&#8217;industria alimentare<\/strong><br \/> Linee taglio carni, nastri trasportatori, carrelli trasporto prodotti, carrelli per appendere le salsicce, caldaie di cottura, ecc&#8230;<\/p>\n<p><strong>Accessori per il settore alberghiero<\/strong><br \/> Mobili, tavoli, scaffali, cestini, carrelli, ecc&#8230;<\/p>\n<p>[\/et_pb_text][\/et_pb_column][\/et_pb_row][\/et_pb_section][et_pb_section fb_built=&#8221;1&#8243; _builder_version=&#8221;4.16&#8243; custom_padding=&#8221;30px|||||&#8221; global_colors_info=&#8221;{}&#8221;][et_pb_row _builder_version=&#8221;4.16&#8243; global_colors_info=&#8221;{}&#8221;][et_pb_column type=&#8221;4_4&#8243; _builder_version=&#8221;4.16&#8243; global_colors_info=&#8221;{}&#8221;][et_pb_text _builder_version=&#8221;4.16&#8243; text_font=&#8221;klavika|700|||||||&#8221; text_text_color=&#8221;#343333&#8243; text_font_size=&#8221;30px&#8221; text_orientation=&#8221;center&#8221; custom_margin=&#8221;||33px|||&#8221; global_colors_info=&#8221;{}&#8221;]<\/p>\n<p>Qualit\u00e0 &amp; Servizi<\/p>\n<p>[\/et_pb_text][et_pb_text _builder_version=&#8221;4.16&#8243; text_font=&#8221;klavika||||||||&#8221; text_text_color=&#8221;#343333&#8243; text_font_size=&#8221;20px&#8221; text_line_height=&#8221;1.3em&#8221; global_colors_info=&#8221;{}&#8221;]<\/p>\n<p>La nostra politica della qualit\u00e0 \u00e8 sempre volta ad offrire i prodotti pi\u00f9 adatti per ogni cliente, al fine di soddisfare pienamente le sue esigenze e aspettative, ad un costo ragionevole e nei tempi concordati.<\/p>\n<p>L&#8217;obiettivo della politica della qualit\u00e0 della nostra azienda \u00e8 quello di consolidare il miglioramento continuo nei processi di progettazione e produzione, attraverso una stretta collaborazione con il reparto R&#038;D, per la corretta evoluzione e sviluppo dei nostri articoli.<\/p>\n<p>Il nostro reparto di assistenza tecnica e pezzi di ricambio \u00e8 incaricato di occuparsi e risolvere eventuali incidenti che possono verificarsi nelle apparecchiature fornite.<\/p>\n<p>[\/et_pb_text][\/et_pb_column][\/et_pb_row][\/et_pb_section][et_pb_section fb_built=&#8221;1&#8243; admin_label=&#8221;Contactanos&#8221; _builder_version=&#8221;4.16&#8243; background_color=&#8221;#e9c20b&#8221; custom_padding=&#8221;0px||0px|||&#8221; saved_tabs=&#8221;all&#8221; locked=&#8221;off&#8221; global_colors_info=&#8221;{}&#8221;][et_pb_row _builder_version=&#8221;4.16&#8243; global_colors_info=&#8221;{}&#8221;][et_pb_column type=&#8221;4_4&#8243; _builder_version=&#8221;4.16&#8243; global_colors_info=&#8221;{}&#8221;][et_pb_text admin_label=&#8221;contactanos&#8221; _builder_version=&#8221;4.16&#8243; text_font=&#8221;klavika||||||||&#8221; text_text_color=&#8221;#343333&#8243; text_font_size=&#8221;20px&#8221; background_color=&#8221;#e9c20b&#8221; text_orientation=&#8221;center&#8221; global_colors_info=&#8221;{}&#8221;]Hai bisogno di maggiori informazioni? <span style=\"color: #343333;\"><a style=\"color: #343333;\" href=\"mailto:hola@inoxsis.com\"><strong><u> Contatta <\/u><\/strong><\/a><\/span> uno dei nostri commerciali qui.[\/et_pb_text][\/et_pb_column][\/et_pb_row][\/et_pb_section][et_pb_section fb_built=&#8221;1&#8243; admin_label=&#8221;Footer&#8221; _builder_version=&#8221;4.16&#8243; background_color=&#8221;#ededed&#8221; custom_padding=&#8221;0px||0px|||&#8221; saved_tabs=&#8221;all&#8221; locked=&#8221;off&#8221; global_colors_info=&#8221;{}&#8221;][et_pb_row column_structure=&#8221;1_3,1_3,1_3&#8243; _builder_version=&#8221;4.16&#8243; global_colors_info=&#8221;{}&#8221;][et_pb_column type=&#8221;1_3&#8243; _builder_version=&#8221;4.16&#8243; global_colors_info=&#8221;{}&#8221;][et_pb_image src=&#8221;https:\/\/inoxsis.com\/wp-content\/uploads\/2020\/04\/logo-footer.png&#8221; admin_label=&#8221;Logo&#8221; _builder_version=&#8221;4.16&#8243; global_colors_info=&#8221;{}&#8221;][\/et_pb_image][\/et_pb_column][et_pb_column type=&#8221;1_3&#8243; _builder_version=&#8221;4.16&#8243; global_colors_info=&#8221;{}&#8221;][et_pb_text admin_label=&#8221;Contactanos&#8221; _builder_version=&#8221;4.16&#8243; text_font=&#8221;Open Sans|700|||||||&#8221; text_text_color=&#8221;#2c2c2b&#8221; global_colors_info=&#8221;{}&#8221;]<\/p>\n<p>CONTATTACI<\/p>\n<p>[\/et_pb_text][et_pb_text _builder_version=&#8221;4.25.2&#8243; text_font=&#8221;PT Sans||||||||&#8221; text_text_color=&#8221;#484848&#8243; text_font_size=&#8221;13px&#8221; global_colors_info=&#8221;{}&#8221;]<\/p>\n<p><strong>EMINOX TECH S.L.<\/strong><br \/>Avda. Pa\u00efsos Catalans, 210-212<br \/>17457 Riudellots de la Selva (Girona &#8211; Espa\u00f1a)<br \/><span style=\"color: #333333;\">T (+34) 872 20 25 88<\/span><\/p>\n<p><span style=\"color: #333333;\"><a style=\"color: #2c2c2b;\" href=\"mailto:hola@inoxsis.com\"><strong><u>hola@inoxsis.com<\/u><\/strong><\/a><\/span><\/p>\n<p>[\/et_pb_text][\/et_pb_column][et_pb_column type=&#8221;1_3&#8243; _builder_version=&#8221;4.16&#8243; global_colors_info=&#8221;{}&#8221;][et_pb_text disabled_on=&#8221;on|on|on&#8221; admin_label=&#8221;Newsletter&#8221; _builder_version=&#8221;4.16&#8243; text_font=&#8221;Open Sans|700|||||||&#8221; text_text_color=&#8221;#2c2c2b&#8221; disabled=&#8221;on&#8221; global_colors_info=&#8221;{}&#8221;]<\/p>\n<p>NEWSLETTER<\/p>\n<p>[\/et_pb_text][et_pb_text disabled_on=&#8221;on|on|on&#8221; _builder_version=&#8221;4.25.2&#8243; text_font=&#8221;PT Sans||||||||&#8221; text_text_color=&#8221;#484848&#8243; text_font_size=&#8221;13px&#8221; disabled=&#8221;on&#8221; global_colors_info=&#8221;{}&#8221;]<\/p>\n<p>Rimani aggiornato attraverso le nostre news<\/p>\n<p>[\/et_pb_text][\/et_pb_column][\/et_pb_row][\/et_pb_section][et_pb_section fb_built=&#8221;1&#8243; admin_label=&#8221;Footer barra&#8221; _builder_version=&#8221;4.16&#8243; background_color=&#8221;#1f1f1f&#8221; custom_padding=&#8221;0px||0px|||&#8221; saved_tabs=&#8221;all&#8221; locked=&#8221;off&#8221; global_colors_info=&#8221;{}&#8221;][et_pb_row _builder_version=&#8221;4.16&#8243; global_colors_info=&#8221;{}&#8221;][et_pb_column type=&#8221;4_4&#8243; _builder_version=&#8221;4.16&#8243; global_colors_info=&#8221;{}&#8221;][et_pb_text _builder_version=&#8221;4.25.2&#8243; text_font=&#8221;PT Sans||||||||&#8221; text_text_color=&#8221;#f8f8f8&#8243; text_font_size=&#8221;12px&#8221; hover_enabled=&#8221;0&#8243; global_colors_info=&#8221;{}&#8221; sticky_enabled=&#8221;0&#8243;]<\/p>\n<p>\u00a9 EMINOX TECH, S.L., Diritti interamente riservati | <span style=\"color: #f8f8f8;\"><a style=\"color: #f8f8f8;\" href=\"https:\/\/inoxsis.com\/it\/privacy-policy\/\">Avviso legale<\/a><\/span> | <span style=\"color: #f8f8f8;\"><a style=\"color: #f8f8f8;\" href=\"https:\/\/inoxsis.com\/it\/termini-di-utilizzo\/\">Termini di utilizzo<\/a><\/span><\/p>\n<p>[\/et_pb_text][\/et_pb_column][\/et_pb_row][et_pb_row _builder_version=&#8221;4.16&#8243; custom_padding=&#8221;0px||0px|||&#8221; global_colors_info=&#8221;{}&#8221;][et_pb_column type=&#8221;4_4&#8243; _builder_version=&#8221;4.16&#8243; global_colors_info=&#8221;{}&#8221;][et_pb_code admin_label=&#8221;Cookies&#8221; _builder_version=&#8221;4.16&#8243; custom_margin=&#8221;-31px|||||&#8221; custom_padding=&#8221;1px||0px|||&#8221; global_colors_info=&#8221;{}&#8221;]<script type=\"text\/javascript\"> window.cookieconsent_options = {\"message\":\" Questo sito web utiliza cookies propri e di terza parte, per continuare a navigare ti chiediamo di accettarle.<!-- [et_pb_line_break_holder] -->\",\"dismiss\":\"Accetto\",\"learnMore\":\"Privacy policy\",\"link\":\"https:\/\/inoxsis.com\/it\/privacy-policy\/\",\"theme\":\"dark-bottom\"}; <\/script> <script type=\"text\/javascript\" src=\"\/\/cdnjs.cloudflare.com\/ajax\/libs\/cookieconsent2\/1.0.9\/cookieconsent.min.js\"><\/script>[\/et_pb_code][\/et_pb_column][\/et_pb_row][\/et_pb_section]<\/p>\n","protected":false},"excerpt":{"rendered":"<p>INOXSIS, n\u00e8 nata con l&#8217;obiettivo di produrre e offrire accessori e attrezzature per un&#8217;ampia variet\u00e0 di settori come quello alimentare, alberghiero, della ristorazione, delle opere civili e sanitario, tra gli altri. Il nostro team umano, insieme alla stretta collaborazione con i nostri clienti, ha consolidato una grande esperienza nello sviluppo di nuovi prodotti e nel [&hellip;]<\/p>\n","protected":false},"author":1,"featured_media":0,"parent":0,"menu_order":0,"comment_status":"closed","ping_status":"closed","template":"","meta":{"_et_pb_use_builder":"on","_et_pb_old_content":"","_et_gb_content_width":"","footnotes":""},"yoast_head":"<!-- This site is optimized with the Yoast SEO plugin v24.3 - https:\/\/yoast.com\/wordpress\/plugins\/seo\/ -->\n<title>Azienda - Inoxsis<\/title>\n<meta name=\"robots\" content=\"index, follow, max-snippet:-1, max-image-preview:large, max-video-preview:-1\" \/>\n<link rel=\"canonical\" href=\"https:\/\/inoxsis.com\/it\/azienda\/\" \/>\n<meta property=\"og:locale\" content=\"it_IT\" \/>\n<meta property=\"og:type\" content=\"article\" \/>\n<meta property=\"og:title\" content=\"Azienda - Inoxsis\" \/>\n<meta property=\"og:description\" content=\"INOXSIS, n\u00e8 nata con l&#039;obiettivo di produrre e offrire accessori e attrezzature per un&#039;ampia variet\u00e0 di settori come quello alimentare, alberghiero, della ristorazione, delle opere civili e sanitario, tra gli altri. Il nostro team umano, insieme alla stretta collaborazione con i nostri clienti, ha consolidato una grande esperienza nello sviluppo di nuovi prodotti e nel [&hellip;]\" \/>\n<meta property=\"og:url\" content=\"https:\/\/inoxsis.com\/it\/azienda\/\" \/>\n<meta property=\"og:site_name\" content=\"Inoxsis\" \/>\n<meta property=\"article:modified_time\" content=\"2026-02-10T15:17:09+00:00\" \/>\n<meta name=\"twitter:card\" content=\"summary_large_image\" \/>\n<meta name=\"twitter:label1\" content=\"Tempo di lettura stimato\" \/>\n\t<meta name=\"twitter:data1\" content=\"2 minuti\" \/>\n<script type=\"application\/ld+json\" class=\"yoast-schema-graph\">{\"@context\":\"https:\/\/schema.org\",\"@graph\":[{\"@type\":\"WebPage\",\"@id\":\"https:\/\/inoxsis.com\/it\/azienda\/\",\"url\":\"https:\/\/inoxsis.com\/it\/azienda\/\",\"name\":\"Azienda - Inoxsis\",\"isPartOf\":{\"@id\":\"https:\/\/inoxsis.com\/it\/#website\"},\"datePublished\":\"2020-04-15T13:26:11+00:00\",\"dateModified\":\"2026-02-10T15:17:09+00:00\",\"breadcrumb\":{\"@id\":\"https:\/\/inoxsis.com\/it\/azienda\/#breadcrumb\"},\"inLanguage\":\"it-IT\",\"potentialAction\":[{\"@type\":\"ReadAction\",\"target\":[\"https:\/\/inoxsis.com\/it\/azienda\/\"]}]},{\"@type\":\"BreadcrumbList\",\"@id\":\"https:\/\/inoxsis.com\/it\/azienda\/#breadcrumb\",\"itemListElement\":[{\"@type\":\"ListItem\",\"position\":1,\"name\":\"Portada\",\"item\":\"https:\/\/inoxsis.com\/it\/\"},{\"@type\":\"ListItem\",\"position\":2,\"name\":\"Azienda\"}]},{\"@type\":\"WebSite\",\"@id\":\"https:\/\/inoxsis.com\/it\/#website\",\"url\":\"https:\/\/inoxsis.com\/it\/\",\"name\":\"Inoxsis\",\"description\":\"Stronger, Cleaner.\",\"potentialAction\":[{\"@type\":\"SearchAction\",\"target\":{\"@type\":\"EntryPoint\",\"urlTemplate\":\"https:\/\/inoxsis.com\/it\/?s={search_term_string}\"},\"query-input\":{\"@type\":\"PropertyValueSpecification\",\"valueRequired\":true,\"valueName\":\"search_term_string\"}}],\"inLanguage\":\"it-IT\"}]}<\/script>\n<!-- \/ Yoast SEO plugin. -->","yoast_head_json":{"title":"Azienda - Inoxsis","robots":{"index":"index","follow":"follow","max-snippet":"max-snippet:-1","max-image-preview":"max-image-preview:large","max-video-preview":"max-video-preview:-1"},"canonical":"https:\/\/inoxsis.com\/it\/azienda\/","og_locale":"it_IT","og_type":"article","og_title":"Azienda - Inoxsis","og_description":"INOXSIS, n\u00e8 nata con l'obiettivo di produrre e offrire accessori e attrezzature per un'ampia variet\u00e0 di settori come quello alimentare, alberghiero, della ristorazione, delle opere civili e sanitario, tra gli altri. Il nostro team umano, insieme alla stretta collaborazione con i nostri clienti, ha consolidato una grande esperienza nello sviluppo di nuovi prodotti e nel [&hellip;]","og_url":"https:\/\/inoxsis.com\/it\/azienda\/","og_site_name":"Inoxsis","article_modified_time":"2026-02-10T15:17:09+00:00","twitter_card":"summary_large_image","twitter_misc":{"Tempo di lettura stimato":"2 minuti"},"schema":{"@context":"https:\/\/schema.org","@graph":[{"@type":"WebPage","@id":"https:\/\/inoxsis.com\/it\/azienda\/","url":"https:\/\/inoxsis.com\/it\/azienda\/","name":"Azienda - Inoxsis","isPartOf":{"@id":"https:\/\/inoxsis.com\/it\/#website"},"datePublished":"2020-04-15T13:26:11+00:00","dateModified":"2026-02-10T15:17:09+00:00","breadcrumb":{"@id":"https:\/\/inoxsis.com\/it\/azienda\/#breadcrumb"},"inLanguage":"it-IT","potentialAction":[{"@type":"ReadAction","target":["https:\/\/inoxsis.com\/it\/azienda\/"]}]},{"@type":"BreadcrumbList","@id":"https:\/\/inoxsis.com\/it\/azienda\/#breadcrumb","itemListElement":[{"@type":"ListItem","position":1,"name":"Portada","item":"https:\/\/inoxsis.com\/it\/"},{"@type":"ListItem","position":2,"name":"Azienda"}]},{"@type":"WebSite","@id":"https:\/\/inoxsis.com\/it\/#website","url":"https:\/\/inoxsis.com\/it\/","name":"Inoxsis","description":"Stronger, Cleaner.","potentialAction":[{"@type":"SearchAction","target":{"@type":"EntryPoint","urlTemplate":"https:\/\/inoxsis.com\/it\/?s={search_term_string}"},"query-input":{"@type":"PropertyValueSpecification","valueRequired":true,"valueName":"search_term_string"}}],"inLanguage":"it-IT"}]}},"_links":{"self":[{"href":"https:\/\/inoxsis.com\/it\/wp-json\/wp\/v2\/pages\/8493"}],"collection":[{"href":"https:\/\/inoxsis.com\/it\/wp-json\/wp\/v2\/pages"}],"about":[{"href":"https:\/\/inoxsis.com\/it\/wp-json\/wp\/v2\/types\/page"}],"author":[{"embeddable":true,"href":"https:\/\/inoxsis.com\/it\/wp-json\/wp\/v2\/users\/1"}],"replies":[{"embeddable":true,"href":"https:\/\/inoxsis.com\/it\/wp-json\/wp\/v2\/comments?post=8493"}],"version-history":[{"count":7,"href":"https:\/\/inoxsis.com\/it\/wp-json\/wp\/v2\/pages\/8493\/revisions"}],"predecessor-version":[{"id":12774,"href":"https:\/\/inoxsis.com\/it\/wp-json\/wp\/v2\/pages\/8493\/revisions\/12774"}],"wp:attachment":[{"href":"https:\/\/inoxsis.com\/it\/wp-json\/wp\/v2\/media?parent=8493"}],"curies":[{"name":"wp","href":"https:\/\/api.w.org\/{rel}","templated":true}]}}